{"id":481,"date":"2019-05-28T12:35:21","date_gmt":"2019-05-28T10:35:21","guid":{"rendered":"http:\/\/revivre.centres-sociaux.fr\/?page_id=481"},"modified":"2026-02-03T16:30:07","modified_gmt":"2026-02-03T15:30:07","slug":"le-conseil-dadministration","status":"publish","type":"page","link":"https:\/\/centresocialrevivre.fr\/index.php\/votre-csc-revivre\/le-conseil-dadministration\/","title":{"rendered":"Le conseil d&rsquo;administration"},"content":{"rendered":"\r\n<p><em><strong>Le conseil d&rsquo;administration est l&rsquo;organe qui assure la gouvernance du Centre Socio-culturel Revivre. Il est compos\u00e9 de membres \u00e9lus par les adh\u00e9rents, de membres de droits, et de membres associ\u00e9s.<\/strong><\/em><\/p>\r\n\r\n\r\n\r\n<p><strong>Membres du Conseil d\u2019administration :<\/strong><br>\u2022 Peggy BEDOS<\/p>\r\n<p>\u2022 C\u00e9line CASTEL<\/p>\r\n<p>\u2022 Myriam DEY<\/p>\r\n<p>\u2022 Monique DOLADILLE<\/p>\r\n<p>\u2022 Marie-Anne FROMENT<\/p>\r\n<p>\u2022 Gis\u00e8le GREGORIAN<\/p>\r\n<p>\u2022 Annie GUILLE<\/p>\r\n<p>\u2022 Nicole HUMBERT<\/p>\r\n<p>\u2022 Monique MARTIN<\/p>\r\n<p>\u2022 Florence PARISOT<\/p>\r\n<p>\u2022 Sandrine PASSALACQUA<\/p>\r\n<p><br><strong>Membres de droit :<\/strong><br>\u2022 Fr\u00e9d\u00e9ric ORTIS<em> CAF<\/em><\/p>\r\n<p>\u2022 Roland BACCONNIER <em>MSA<\/em><\/p>\r\n<p>\u2022 Christiane RAYNARD <em>Communaut\u00e9 de communes Pays des Vans en C\u00e9vennes<\/em><\/p>\r\n<p><br><strong>Membres du bureau :<\/strong><br>\u2022 Gis\u00e8le GREGORIAN et Sandrine PASSALACQUA \u00e9lues en qualit\u00e9 de co-pr\u00e9sidente<\/p>\r\n<p>\u2022 Myriam DEY, \u00e9lue en qualit\u00e9 de tr\u00e9sori\u00e8re<\/p>\r\n<p>\u2022 Nicole HUMBERT<\/p>\r\n<p><br><strong>Direction Centre socio-culturel REVIVRE :<\/strong><br>\u2022 Vanessa MOERY<\/p>\r\n","protected":false},"excerpt":{"rendered":"<p>Le conseil d&rsquo;administration est l&rsquo;organe qui assure la gouvernance du Centre Socio-culturel Revivre. Il est compos\u00e9 de membres \u00e9lus par les adh\u00e9rents, de membres de droits, et de membres associ\u00e9s.&#46;&#46;&#46;<\/p>\n","protected":false},"author":1,"featured_media":0,"parent":3719,"menu_order":0,"comment_status":"closed","ping_status":"closed","template":"","meta":{"ngg_post_thumbnail":0,"spay_email":""},"_links":{"self":[{"href":"https:\/\/centresocialrevivre.fr\/index.php\/wp-json\/wp\/v2\/pages\/481"}],"collection":[{"href":"https:\/\/centresocialrevivre.fr\/index.php\/wp-json\/wp\/v2\/pages"}],"about":[{"href":"https:\/\/centresocialrevivre.fr\/index.php\/wp-json\/wp\/v2\/types\/page"}],"author":[{"embeddable":true,"href":"https:\/\/centresocialrevivre.fr\/index.php\/wp-json\/wp\/v2\/users\/1"}],"replies":[{"embeddable":true,"href":"https:\/\/centresocialrevivre.fr\/index.php\/wp-json\/wp\/v2\/comments?post=481"}],"version-history":[{"count":8,"href":"https:\/\/centresocialrevivre.fr\/index.php\/wp-json\/wp\/v2\/pages\/481\/revisions"}],"predecessor-version":[{"id":4035,"href":"https:\/\/centresocialrevivre.fr\/index.php\/wp-json\/wp\/v2\/pages\/481\/revisions\/4035"}],"up":[{"embeddable":true,"href":"https:\/\/centresocialrevivre.fr\/index.php\/wp-json\/wp\/v2\/pages\/3719"}],"wp:attachment":[{"href":"https:\/\/centresocialrevivre.fr\/index.php\/wp-json\/wp\/v2\/media?parent=481"}],"curies":[{"name":"wp","href":"https:\/\/api.w.org\/{rel}","templated":true}]}}