{"id":3802,"date":"2024-10-24T16:16:14","date_gmt":"2024-10-24T14:16:14","guid":{"rendered":"https:\/\/centresocialrevivre.fr\/?page_id=3802"},"modified":"2024-10-24T16:36:10","modified_gmt":"2024-10-24T14:36:10","slug":"presentation-secteur-seniors","status":"publish","type":"page","link":"https:\/\/centresocialrevivre.fr\/index.php\/presentation-secteur-seniors\/","title":{"rendered":"Pr\u00e9sentation secteur seniors"},"content":{"rendered":"<p><img loading=\"lazy\" class=\"alignnone wp-image-3803\" src=\"https:\/\/centresocialrevivre.fr\/wp-content\/uploads\/2024\/10\/2-1-300x200.png\" alt=\"\" width=\"734\" height=\"489\" srcset=\"https:\/\/centresocialrevivre.fr\/wp-content\/uploads\/2024\/10\/2-1-300x200.png 300w, https:\/\/centresocialrevivre.fr\/wp-content\/uploads\/2024\/10\/2-1-1024x682.png 1024w, https:\/\/centresocialrevivre.fr\/wp-content\/uploads\/2024\/10\/2-1-768x512.png 768w, https:\/\/centresocialrevivre.fr\/wp-content\/uploads\/2024\/10\/2-1-1536x1024.png 1536w, https:\/\/centresocialrevivre.fr\/wp-content\/uploads\/2024\/10\/2-1-720x480.png 720w, https:\/\/centresocialrevivre.fr\/wp-content\/uploads\/2024\/10\/2-1-520x347.png 520w, https:\/\/centresocialrevivre.fr\/wp-content\/uploads\/2024\/10\/2-1-320x213.png 320w, https:\/\/centresocialrevivre.fr\/wp-content\/uploads\/2024\/10\/2-1-1320x880.png 1320w, https:\/\/centresocialrevivre.fr\/wp-content\/uploads\/2024\/10\/2-1.png 1772w\" sizes=\"(max-width: 734px) 100vw, 734px\" \/><\/p>\n<p><img loading=\"lazy\" class=\"alignnone wp-image-3806\" src=\"https:\/\/centresocialrevivre.fr\/wp-content\/uploads\/2024\/10\/1-1-300x200.png\" alt=\"\" width=\"734\" height=\"489\" srcset=\"https:\/\/centresocialrevivre.fr\/wp-content\/uploads\/2024\/10\/1-1-300x200.png 300w, https:\/\/centresocialrevivre.fr\/wp-content\/uploads\/2024\/10\/1-1-1024x682.png 1024w, https:\/\/centresocialrevivre.fr\/wp-content\/uploads\/2024\/10\/1-1-768x512.png 768w, https:\/\/centresocialrevivre.fr\/wp-content\/uploads\/2024\/10\/1-1-1536x1024.png 1536w, https:\/\/centresocialrevivre.fr\/wp-content\/uploads\/2024\/10\/1-1-720x480.png 720w, https:\/\/centresocialrevivre.fr\/wp-content\/uploads\/2024\/10\/1-1-520x347.png 520w, https:\/\/centresocialrevivre.fr\/wp-content\/uploads\/2024\/10\/1-1-320x213.png 320w, https:\/\/centresocialrevivre.fr\/wp-content\/uploads\/2024\/10\/1-1-1320x880.png 1320w, https:\/\/centresocialrevivre.fr\/wp-content\/uploads\/2024\/10\/1-1.png 1772w\" sizes=\"(max-width: 734px) 100vw, 734px\" \/><\/p>\n<p><a href=\"https:\/\/drive.google.com\/drive\/folders\/1tRSDpsPlhM-_I2TmdpHZyYBFNrhZekJT?usp=drive_link\">Ici le lien<\/a> pour les dossiers d&rsquo;inscriptions \u00e0 l&rsquo;association (individuelle ou couple), l&rsquo;autorisation de droit \u00e0 l&rsquo;image et le r\u00e8glement int\u00e9rieur des ateliers \u00e0 compl\u00e9ter, signer et d\u00e9poser \u00e0 l&rsquo;accueil avec le r\u00e8glement de l&rsquo;adh\u00e9sion annuelle.<\/p>\n","protected":false},"excerpt":{"rendered":"<p>Ici le lien pour les dossiers d&rsquo;inscriptions \u00e0 l&rsquo;association (individuelle ou couple), l&rsquo;autorisation de droit \u00e0 l&rsquo;image et le r\u00e8glement int\u00e9rieur des ateliers \u00e0 compl\u00e9ter, signer et d\u00e9poser \u00e0 l&rsquo;accueil&#46;&#46;&#46;<\/p>\n","protected":false},"author":9,"featured_media":0,"parent":0,"menu_order":0,"comment_status":"closed","ping_status":"closed","template":"","meta":{"ngg_post_thumbnail":0,"spay_email":""},"_links":{"self":[{"href":"https:\/\/centresocialrevivre.fr\/index.php\/wp-json\/wp\/v2\/pages\/3802"}],"collection":[{"href":"https:\/\/centresocialrevivre.fr\/index.php\/wp-json\/wp\/v2\/pages"}],"about":[{"href":"https:\/\/centresocialrevivre.fr\/index.php\/wp-json\/wp\/v2\/types\/page"}],"author":[{"embeddable":true,"href":"https:\/\/centresocialrevivre.fr\/index.php\/wp-json\/wp\/v2\/users\/9"}],"replies":[{"embeddable":true,"href":"https:\/\/centresocialrevivre.fr\/index.php\/wp-json\/wp\/v2\/comments?post=3802"}],"version-history":[{"count":3,"href":"https:\/\/centresocialrevivre.fr\/index.php\/wp-json\/wp\/v2\/pages\/3802\/revisions"}],"predecessor-version":[{"id":3815,"href":"https:\/\/centresocialrevivre.fr\/index.php\/wp-json\/wp\/v2\/pages\/3802\/revisions\/3815"}],"wp:attachment":[{"href":"https:\/\/centresocialrevivre.fr\/index.php\/wp-json\/wp\/v2\/media?parent=3802"}],"curies":[{"name":"wp","href":"https:\/\/api.w.org\/{rel}","templated":true}]}}