{"id":3747,"date":"2024-10-24T13:00:07","date_gmt":"2024-10-24T11:00:07","guid":{"rendered":"https:\/\/centresocialrevivre.fr\/?page_id=3747"},"modified":"2024-10-24T16:40:00","modified_gmt":"2024-10-24T14:40:00","slug":"jeunes","status":"publish","type":"page","link":"https:\/\/centresocialrevivre.fr\/index.php\/jeunes\/","title":{"rendered":"L&rsquo;accueil Jeunes"},"content":{"rendered":"<p><img loading=\"lazy\" class=\"alignnone wp-image-3748\" src=\"https:\/\/centresocialrevivre.fr\/wp-content\/uploads\/2024\/10\/5-300x200.png\" alt=\"\" width=\"752\" height=\"501\" srcset=\"https:\/\/centresocialrevivre.fr\/wp-content\/uploads\/2024\/10\/5-300x200.png 300w, https:\/\/centresocialrevivre.fr\/wp-content\/uploads\/2024\/10\/5-1024x682.png 1024w, https:\/\/centresocialrevivre.fr\/wp-content\/uploads\/2024\/10\/5-768x512.png 768w, https:\/\/centresocialrevivre.fr\/wp-content\/uploads\/2024\/10\/5-1536x1024.png 1536w, https:\/\/centresocialrevivre.fr\/wp-content\/uploads\/2024\/10\/5-720x480.png 720w, https:\/\/centresocialrevivre.fr\/wp-content\/uploads\/2024\/10\/5-520x347.png 520w, https:\/\/centresocialrevivre.fr\/wp-content\/uploads\/2024\/10\/5-320x213.png 320w, https:\/\/centresocialrevivre.fr\/wp-content\/uploads\/2024\/10\/5-1320x880.png 1320w, https:\/\/centresocialrevivre.fr\/wp-content\/uploads\/2024\/10\/5.png 1772w\" sizes=\"(max-width: 752px) 100vw, 752px\" \/><\/p>\n<p><a href=\"https:\/\/drive.google.com\/drive\/folders\/1NcJilzYQ-8kNZwaSeRXTZSW0vy-LKG_H?usp=drive_link\">Ici le lien<\/a> pour les dossiers d&rsquo;inscriptions \u00e0 l&rsquo;association (adh\u00e9sion famille) et le r\u00e8glement int\u00e9rieur \u00e0 compl\u00e9ter, signer et d\u00e9poser \u00e0 l&rsquo;accueil avec le r\u00e8glement de l&rsquo;adh\u00e9sion annuelle avec les documents suivants :<\/p>\n<ul>\n<li>Attestation quotient familial (CAF ou MSA)<\/li>\n<li>Attestation d&rsquo;assurance<\/li>\n<li>copie des pages de vaccination<\/li>\n<\/ul>\n","protected":false},"excerpt":{"rendered":"<p>Ici le lien pour les dossiers d&rsquo;inscriptions \u00e0 l&rsquo;association (adh\u00e9sion famille) et le r\u00e8glement int\u00e9rieur \u00e0 compl\u00e9ter, signer et d\u00e9poser \u00e0 l&rsquo;accueil avec le r\u00e8glement de l&rsquo;adh\u00e9sion annuelle avec les&#46;&#46;&#46;<\/p>\n","protected":false},"author":9,"featured_media":0,"parent":0,"menu_order":0,"comment_status":"closed","ping_status":"closed","template":"","meta":{"ngg_post_thumbnail":0,"spay_email":""},"_links":{"self":[{"href":"https:\/\/centresocialrevivre.fr\/index.php\/wp-json\/wp\/v2\/pages\/3747"}],"collection":[{"href":"https:\/\/centresocialrevivre.fr\/index.php\/wp-json\/wp\/v2\/pages"}],"about":[{"href":"https:\/\/centresocialrevivre.fr\/index.php\/wp-json\/wp\/v2\/types\/page"}],"author":[{"embeddable":true,"href":"https:\/\/centresocialrevivre.fr\/index.php\/wp-json\/wp\/v2\/users\/9"}],"replies":[{"embeddable":true,"href":"https:\/\/centresocialrevivre.fr\/index.php\/wp-json\/wp\/v2\/comments?post=3747"}],"version-history":[{"count":5,"href":"https:\/\/centresocialrevivre.fr\/index.php\/wp-json\/wp\/v2\/pages\/3747\/revisions"}],"predecessor-version":[{"id":3818,"href":"https:\/\/centresocialrevivre.fr\/index.php\/wp-json\/wp\/v2\/pages\/3747\/revisions\/3818"}],"wp:attachment":[{"href":"https:\/\/centresocialrevivre.fr\/index.php\/wp-json\/wp\/v2\/media?parent=3747"}],"curies":[{"name":"wp","href":"https:\/\/api.w.org\/{rel}","templated":true}]}}