{"id":209,"date":"2014-09-30T19:59:10","date_gmt":"2014-09-30T18:59:10","guid":{"rendered":"http:\/\/revivre.centres-sociaux.fr\/?page_id=209"},"modified":"2024-10-24T16:12:21","modified_gmt":"2024-10-24T14:12:21","slug":"historique","status":"publish","type":"page","link":"https:\/\/centresocialrevivre.fr\/index.php\/votre-csc-revivre\/historique\/","title":{"rendered":"Historique de l&rsquo;association"},"content":{"rendered":"<p>L\u2019association Revivre est n\u00e9e en 1996, de la volont\u00e9 d\u2019une poign\u00e9e de b\u00e9n\u00e9voles pr\u00e9occup\u00e9s par des actes de petite d\u00e9linquance qui commen\u00e7aient \u00e0 se d\u00e9velopper sur la commune des Vans.<br \/>\nLes fondateurs de Revivre, au del\u00e0 de leurs diff\u00e9rences, \u00e9taient tous fortement impliqu\u00e9s dans des actions sociales ou humanitaires. Leur respect pour la personne humaine, leur volont\u00e9 de rendre leur dignit\u00e9 aux exclus de la soci\u00e9t\u00e9 constituent la base de leurs actions. L\u2019association se donnait alors deux objectifs : pr\u00e9venir la d\u00e9linquance et r\u00e9ins\u00e9rer les jeunes en rupture sociale. Pour r\u00e9pondre au premier, l\u2019accompagnement scolaire a \u00e9t\u00e9 cr\u00e9\u00e9 pour les enfants de 6 \u00e0 12 ans. Pour le deuxi\u00e8me, l\u2019association a mis en place une cellule d\u2019\u00e9coute et d\u2019accompagnement pour les jeunes en difficult\u00e9. Mais les b\u00e9n\u00e9voles se sont essouffl\u00e9s face \u00e0 l\u2019ampleur de la t\u00e2che et cette action s\u2019est arr\u00eat\u00e9e.<br \/>\nL\u2019association s\u2019est alors concentr\u00e9e sur les 6-12 ans : \u00e0 l\u2019accompagnement scolaire se sont ajout\u00e9es des activit\u00e9s de loisirs le mercredi. Le Centre de Loisirs a ainsi \u00e9t\u00e9 cr\u00e9\u00e9 en 2003. Puis l\u2019association a d\u00e9velopp\u00e9 de nouvelles activit\u00e9s en direction de tous les habitants du territoire dans le cadre de l\u2019animation locale ; des actions favorisant les rencontres, les \u00e9changes, la solidarit\u00e9, la prise d\u2019initiatives, etc. L\u2019association a progressivement renforc\u00e9 ses partenariats avec notamment la CAF, la Communaut\u00e9 de Communes du Pays des Vans ou le Conseil G\u00e9n\u00e9ral.<\/p>\n<p>Fort de cette implication b\u00e9n\u00e9vole et des actions men\u00e9es, la CAF, partenaire principal, a accord\u00e9 un statut provisoire de Centre Social \u00e0 l\u2019association, lui laissant ainsi une ann\u00e9e pour peaufiner son projet. Un groupe d\u2019habitants, le \u00ab&nbsp;groupe moteur&nbsp;\u00bb a travaill\u00e9 de septembre 2009 \u00e0 avril 2010, pour, d\u2019une part, faire un diagnostic du territoire, et d\u2019autre part, dessiner le premier Projet Social de Revivre. Cette \u00e9tape a \u00e9galement \u00e9t\u00e9 l\u2019occasion d\u2019enrichir la structure en l\u2019ouvrant \u00e0 de nouvelles personnes. Au terme de ce travail, l\u2019objet du Centre Social a \u00e9t\u00e9 d\u00e9fini comme suit&nbsp;: Renforcer le lien social pour mieux vivre ensemble au Pays des Vans.<\/p>\n<p>Apr\u00e8s deux ann\u00e9es de fonctionnement en tant que Centre Social, un groupe d&rsquo;habitants a port\u00e9 l&rsquo;\u00e9valuation de ce premier projet et l&rsquo;a retravaill\u00e9 pour proposer le Projet Social 2013 &#8211; 2016. Pr\u00e9sent\u00e9 aux adh\u00e9rents lors d&rsquo;une Assembl\u00e9e G\u00e9n\u00e9rale Extraordinaire qui a rassembl\u00e9 une cinquantaine de personnes, le pr\u00e9sent projet a \u00e9t\u00e9 adopt\u00e9 \u00e0 l&rsquo;unanimit\u00e9 des participants. Il fixe les grandes lignes du Centre Social pour les quatre ann\u00e9es \u00e0 venir.<\/p>\n","protected":false},"excerpt":{"rendered":"<p>L\u2019association Revivre est n\u00e9e en 1996, de la volont\u00e9 d\u2019une poign\u00e9e de b\u00e9n\u00e9voles pr\u00e9occup\u00e9s par des actes de petite d\u00e9linquance qui commen\u00e7aient \u00e0 se d\u00e9velopper sur la commune des Vans.&#46;&#46;&#46;<\/p>\n","protected":false},"author":1,"featured_media":0,"parent":3719,"menu_order":1,"comment_status":"closed","ping_status":"closed","template":"","meta":{"ngg_post_thumbnail":0,"spay_email":""},"_links":{"self":[{"href":"https:\/\/centresocialrevivre.fr\/index.php\/wp-json\/wp\/v2\/pages\/209"}],"collection":[{"href":"https:\/\/centresocialrevivre.fr\/index.php\/wp-json\/wp\/v2\/pages"}],"about":[{"href":"https:\/\/centresocialrevivre.fr\/index.php\/wp-json\/wp\/v2\/types\/page"}],"author":[{"embeddable":true,"href":"https:\/\/centresocialrevivre.fr\/index.php\/wp-json\/wp\/v2\/users\/1"}],"replies":[{"embeddable":true,"href":"https:\/\/centresocialrevivre.fr\/index.php\/wp-json\/wp\/v2\/comments?post=209"}],"version-history":[{"count":2,"href":"https:\/\/centresocialrevivre.fr\/index.php\/wp-json\/wp\/v2\/pages\/209\/revisions"}],"predecessor-version":[{"id":3801,"href":"https:\/\/centresocialrevivre.fr\/index.php\/wp-json\/wp\/v2\/pages\/209\/revisions\/3801"}],"up":[{"embeddable":true,"href":"https:\/\/centresocialrevivre.fr\/index.php\/wp-json\/wp\/v2\/pages\/3719"}],"wp:attachment":[{"href":"https:\/\/centresocialrevivre.fr\/index.php\/wp-json\/wp\/v2\/media?parent=209"}],"curies":[{"name":"wp","href":"https:\/\/api.w.org\/{rel}","templated":true}]}}