{"id":187,"date":"2014-09-29T20:30:31","date_gmt":"2014-09-29T19:30:31","guid":{"rendered":"http:\/\/revivre.centres-sociaux.fr\/?page_id=187"},"modified":"2026-03-12T11:13:57","modified_gmt":"2026-03-12T10:13:57","slug":"centre-de-loisirs-2","status":"publish","type":"page","link":"https:\/\/centresocialrevivre.fr\/index.php\/centre-de-loisirs-2\/","title":{"rendered":"L&rsquo;accueil de loisirs"},"content":{"rendered":"<p><img loading=\"lazy\" class=\"alignnone  wp-image-4039\" src=\"https:\/\/centresocialrevivre.fr\/wp-content\/uploads\/2026\/03\/Alsh-Publication-Instagram-3-300x300.png\" alt=\"\" width=\"639\" height=\"639\" srcset=\"https:\/\/centresocialrevivre.fr\/wp-content\/uploads\/2026\/03\/Alsh-Publication-Instagram-3-300x300.png 300w, https:\/\/centresocialrevivre.fr\/wp-content\/uploads\/2026\/03\/Alsh-Publication-Instagram-3-1024x1024.png 1024w, https:\/\/centresocialrevivre.fr\/wp-content\/uploads\/2026\/03\/Alsh-Publication-Instagram-3-150x150.png 150w, https:\/\/centresocialrevivre.fr\/wp-content\/uploads\/2026\/03\/Alsh-Publication-Instagram-3-768x768.png 768w, https:\/\/centresocialrevivre.fr\/wp-content\/uploads\/2026\/03\/Alsh-Publication-Instagram-3-80x80.png 80w, https:\/\/centresocialrevivre.fr\/wp-content\/uploads\/2026\/03\/Alsh-Publication-Instagram-3-320x320.png 320w, https:\/\/centresocialrevivre.fr\/wp-content\/uploads\/2026\/03\/Alsh-Publication-Instagram-3-720x720.png 720w, https:\/\/centresocialrevivre.fr\/wp-content\/uploads\/2026\/03\/Alsh-Publication-Instagram-3-520x520.png 520w, https:\/\/centresocialrevivre.fr\/wp-content\/uploads\/2026\/03\/Alsh-Publication-Instagram-3.png 1080w\" sizes=\"(max-width: 639px) 100vw, 639px\" \/><\/p>\n<p><a href=\"https:\/\/drive.google.com\/drive\/folders\/13P1BoYMWUTTK0kUXxEMplS8TZfD_vaxq?usp=drive_link\">Ici le lien<\/a> pour les dossiers d&rsquo;inscriptions \u00e0 l&rsquo;association (adh\u00e9sion famille) et le r\u00e8glement int\u00e9rieur \u00e0 compl\u00e9ter, signer et d\u00e9poser \u00e0 l&rsquo;accueil avec le r\u00e8glement de l&rsquo;adh\u00e9sion annuelle avec les documents suivants :<\/p>\n<ul>\n<li>Attestation quotient familial (CAF ou MSA)<\/li>\n<li>Attestation d&rsquo;assurance<\/li>\n<li>copie des pages de vaccination<\/li>\n<\/ul>\n<p>&nbsp;<\/p>\n<p>Ci dessous les tarifs applicables \u00e0 partir du 1er Mars 2026<\/p>\n<a href=\"https:\/\/centresocialrevivre.fr\/wp-content\/uploads\/2026\/03\/Tarifs-ALSH-2026.pdf\" class=\"pdfemb-viewer\" style=\"\" data-width=\"max\" data-height=\"max\" data-mobile-width=\"500\"  data-scrollbar=\"none\" data-download=\"on\" data-tracking=\"on\" data-newwindow=\"on\" data-pagetextbox=\"off\" data-scrolltotop=\"on\" data-startzoom=\"100\" data-startfpzoom=\"100\" data-toolbar=\"both\" data-toolbar-fixed=\"on\">Tarifs ALSH 2026<br\/><\/a>\n<p>&nbsp;<\/p>\n","protected":false},"excerpt":{"rendered":"<p>Ici le lien pour les dossiers d&rsquo;inscriptions \u00e0 l&rsquo;association (adh\u00e9sion famille) et le r\u00e8glement int\u00e9rieur \u00e0 compl\u00e9ter, signer et d\u00e9poser \u00e0 l&rsquo;accueil avec le r\u00e8glement de l&rsquo;adh\u00e9sion annuelle avec les&#46;&#46;&#46;<\/p>\n","protected":false},"author":1,"featured_media":0,"parent":0,"menu_order":1,"comment_status":"closed","ping_status":"closed","template":"","meta":{"ngg_post_thumbnail":0,"spay_email":""},"_links":{"self":[{"href":"https:\/\/centresocialrevivre.fr\/index.php\/wp-json\/wp\/v2\/pages\/187"}],"collection":[{"href":"https:\/\/centresocialrevivre.fr\/index.php\/wp-json\/wp\/v2\/pages"}],"about":[{"href":"https:\/\/centresocialrevivre.fr\/index.php\/wp-json\/wp\/v2\/types\/page"}],"author":[{"embeddable":true,"href":"https:\/\/centresocialrevivre.fr\/index.php\/wp-json\/wp\/v2\/users\/1"}],"replies":[{"embeddable":true,"href":"https:\/\/centresocialrevivre.fr\/index.php\/wp-json\/wp\/v2\/comments?post=187"}],"version-history":[{"count":6,"href":"https:\/\/centresocialrevivre.fr\/index.php\/wp-json\/wp\/v2\/pages\/187\/revisions"}],"predecessor-version":[{"id":4040,"href":"https:\/\/centresocialrevivre.fr\/index.php\/wp-json\/wp\/v2\/pages\/187\/revisions\/4040"}],"wp:attachment":[{"href":"https:\/\/centresocialrevivre.fr\/index.php\/wp-json\/wp\/v2\/media?parent=187"}],"curies":[{"name":"wp","href":"https:\/\/api.w.org\/{rel}","templated":true}]}}