{"id":182,"date":"2014-09-29T20:25:23","date_gmt":"2014-09-29T19:25:23","guid":{"rendered":"http:\/\/revivre.centres-sociaux.fr\/?page_id=182"},"modified":"2024-12-12T15:05:47","modified_gmt":"2024-12-12T14:05:47","slug":"lequipe-salariee","status":"publish","type":"page","link":"https:\/\/centresocialrevivre.fr\/index.php\/votre-csc-revivre\/lequipe-salariee\/","title":{"rendered":"L&rsquo;\u00e9quipe salari\u00e9e"},"content":{"rendered":"<p style=\"text-align: left;\"><strong>Vanessa MOERY<\/strong> Directrice<\/p>\n<p style=\"text-align: left;\"><strong>Ana\u00efs DESNOUES<\/strong> Agent d&rsquo;accueil et secr\u00e9tariat<\/p>\n<p><strong>Touria AL MOTAKI<\/strong> Agent d\u2019entretien et de service<\/p>\n<p><strong>Charl\u00e8ne FURET<\/strong>&nbsp;R\u00e9f\u00e9rente du secteur Famille et Senior<\/p>\n<p><strong>Emma LESEC<\/strong> Responsable du secteur Jeunesse<\/p>\n<p><strong>Laura BOURGOIS<\/strong> Responsable du secteur Enfance&nbsp;<\/p>\n<p><strong>Pascale ANQUETIL<\/strong> Animatrice<\/p>\n","protected":false},"excerpt":{"rendered":"<p>Vanessa MOERY Directrice Ana\u00efs DESNOUES Agent d&rsquo;accueil et secr\u00e9tariat Touria AL MOTAKI Agent d\u2019entretien et de service Charl\u00e8ne FURET&nbsp;R\u00e9f\u00e9rente du secteur Famille et Senior Emma LESEC Responsable du secteur Jeunesse&#46;&#46;&#46;<\/p>\n","protected":false},"author":1,"featured_media":0,"parent":3719,"menu_order":2,"comment_status":"closed","ping_status":"open","template":"","meta":{"ngg_post_thumbnail":0,"spay_email":""},"_links":{"self":[{"href":"https:\/\/centresocialrevivre.fr\/index.php\/wp-json\/wp\/v2\/pages\/182"}],"collection":[{"href":"https:\/\/centresocialrevivre.fr\/index.php\/wp-json\/wp\/v2\/pages"}],"about":[{"href":"https:\/\/centresocialrevivre.fr\/index.php\/wp-json\/wp\/v2\/types\/page"}],"author":[{"embeddable":true,"href":"https:\/\/centresocialrevivre.fr\/index.php\/wp-json\/wp\/v2\/users\/1"}],"replies":[{"embeddable":true,"href":"https:\/\/centresocialrevivre.fr\/index.php\/wp-json\/wp\/v2\/comments?post=182"}],"version-history":[{"count":7,"href":"https:\/\/centresocialrevivre.fr\/index.php\/wp-json\/wp\/v2\/pages\/182\/revisions"}],"predecessor-version":[{"id":3855,"href":"https:\/\/centresocialrevivre.fr\/index.php\/wp-json\/wp\/v2\/pages\/182\/revisions\/3855"}],"up":[{"embeddable":true,"href":"https:\/\/centresocialrevivre.fr\/index.php\/wp-json\/wp\/v2\/pages\/3719"}],"wp:attachment":[{"href":"https:\/\/centresocialrevivre.fr\/index.php\/wp-json\/wp\/v2\/media?parent=182"}],"curies":[{"name":"wp","href":"https:\/\/api.w.org\/{rel}","templated":true}]}}